{"id":1252,"date":"2025-02-19T18:41:31","date_gmt":"2025-02-19T18:41:31","guid":{"rendered":"https:\/\/vivianavancayzeele.com\/consulting\/?page_id=1252"},"modified":"2026-03-12T20:35:41","modified_gmt":"2026-03-12T20:35:41","slug":"contact-2","status":"publish","type":"page","link":"https:\/\/vivianavancayzeele.com\/consulting\/","title":{"rendered":"Landing page"},"content":{"rendered":"\t\t<div data-elementor-type=\"wp-page\" data-elementor-id=\"1252\" class=\"elementor elementor-1252\">\n\t\t\t\t<div class=\"elementor-element elementor-element-e81b63d e-flex e-con-boxed e-con e-parent\" data-id=\"e81b63d\" data-element_type=\"container\" data-settings=\"{&quot;background_background&quot;:&quot;classic&quot;}\">\n\t\t\t\t\t<div class=\"e-con-inner\">\n\t\t<div class=\"elementor-element elementor-element-2c3b42d e-con-full e-flex e-con e-child\" data-id=\"2c3b42d\" data-element_type=\"container\" data-settings=\"{&quot;background_background&quot;:&quot;classic&quot;}\">\n\t\t<div class=\"elementor-element elementor-element-463b41c e-con-full e-flex e-con e-child\" data-id=\"463b41c\" data-element_type=\"container\" data-settings=\"{&quot;position&quot;:&quot;absolute&quot;,&quot;background_background&quot;:&quot;classic&quot;}\">\n\t\t\t\t<\/div>\n\t\t<div class=\"elementor-element elementor-element-e18f08e e-con-full e-flex e-con e-child\" data-id=\"e18f08e\" data-element_type=\"container\">\n\t\t\t\t<div class=\"elementor-element elementor-element-a7b68a7 elementor-widget elementor-widget-heading\" data-id=\"a7b68a7\" data-element_type=\"widget\" data-widget_type=\"heading.default\">\n\t\t\t\t<div class=\"elementor-widget-container\">\n\t\t\t\t\t<h6 class=\"elementor-heading-title elementor-size-default\">Consultor\u00eda de Estrategias Comerciales, Ventas y Liderazgo<\/h6>\t\t\t\t<\/div>\n\t\t\t\t<\/div>\n\t\t\t\t<div class=\"elementor-element elementor-element-c348ddf elementor-widget elementor-widget-text-editor\" data-id=\"c348ddf\" data-element_type=\"widget\" data-widget_type=\"text-editor.default\">\n\t\t\t\t<div class=\"elementor-widget-container\">\n\t\t\t\t\t\t\t\t\t<ul><li>Consultora de negocios en el \u00e1rea comercial, con \u00e9nfasis en estrategias, ventas, negociaci\u00f3n y liderazgo.<\/li><li>M\u00e1s de 17 a\u00f1os de experiencia en ventas y en gerenciamiento comercial.<\/li><li>Coach y mentora de mujeres ejecutivas y emprendedoras en temas como empoderamiento femenino, ventas e imagen profesional.<\/li><li>Exdirectora de carrera y exdocente universitaria por m\u00e1s de 6 a\u00f1os.<\/li><li>Ingeniera en Sistemas Inform\u00e1ticos.<\/li><li>Coach ontol\u00f3gico profesional certificada.<\/li><li>Coach de imagen certificada.<\/li><li>Fundadora de la consultora \u201cViviana Van Cayzeele &#8211; Bitcoin Consulting\u201d (<a href=\"https:\/\/bitcoin.vivianavancayzeele.com\/\">https:\/\/bitcoin.vivianavancayzeele.com\/<\/a>)<\/li><\/ul>\t\t\t\t\t\t\t\t<\/div>\n\t\t\t\t<\/div>\n\t\t\t\t<div class=\"elementor-element elementor-element-5711705 elementor-widget elementor-widget-spacer\" data-id=\"5711705\" data-element_type=\"widget\" data-widget_type=\"spacer.default\">\n\t\t\t\t<div class=\"elementor-widget-container\">\n\t\t\t\t\t\t\t<div class=\"elementor-spacer\">\n\t\t\t<div class=\"elementor-spacer-inner\"><\/div>\n\t\t<\/div>\n\t\t\t\t\t\t<\/div>\n\t\t\t\t<\/div>\n\t\t\t\t<div class=\"elementor-element elementor-element-0311fdf elementor-widget elementor-widget-button\" data-id=\"0311fdf\" data-element_type=\"widget\" data-widget_type=\"button.default\">\n\t\t\t\t<div class=\"elementor-widget-container\">\n\t\t\t\t\t\t\t\t\t<div class=\"elementor-button-wrapper\">\n\t\t\t\t\t<a class=\"elementor-button elementor-button-link elementor-size-sm\" href=\"http:\/\/wa.me\/595982865800\">\n\t\t\t\t\t\t<span class=\"elementor-button-content-wrapper\">\n\t\t\t\t\t\t<span class=\"elementor-button-icon\">\n\t\t\t\t<svg aria-hidden=\"true\" class=\"e-font-icon-svg e-fab-whatsapp\" viewBox=\"0 0 448 512\" xmlns=\"http:\/\/www.w3.org\/2000\/svg\"><path d=\"M380.9 97.1C339 55.1 283.2 32 223.9 32c-122.4 0-222 99.6-222 222 0 39.1 10.2 77.3 29.6 111L0 480l117.7-30.9c32.4 17.7 68.9 27 106.1 27h.1c122.3 0 224.1-99.6 224.1-222 0-59.3-25.2-115-67.1-157zm-157 341.6c-33.2 0-65.7-8.9-94-25.7l-6.7-4-69.8 18.3L72 359.2l-4.4-7c-18.5-29.4-28.2-63.3-28.2-98.2 0-101.7 82.8-184.5 184.6-184.5 49.3 0 95.6 19.2 130.4 54.1 34.8 34.9 56.2 81.2 56.1 130.5 0 101.8-84.9 184.6-186.6 184.6zm101.2-138.2c-5.5-2.8-32.8-16.2-37.9-18-5.1-1.9-8.8-2.8-12.5 2.8-3.7 5.6-14.3 18-17.6 21.8-3.2 3.7-6.5 4.2-12 1.4-32.6-16.3-54-29.1-75.5-66-5.7-9.8 5.7-9.1 16.3-30.3 1.8-3.7.9-6.9-.5-9.7-1.4-2.8-12.5-30.1-17.1-41.2-4.5-10.8-9.1-9.3-12.5-9.5-3.2-.2-6.9-.2-10.6-.2-3.7 0-9.7 1.4-14.8 6.9-5.1 5.6-19.4 19-19.4 46.3 0 27.3 19.9 53.7 22.6 57.4 2.8 3.7 39.1 59.7 94.8 83.8 35.2 15.2 49 16.5 66.6 13.9 10.7-1.6 32.8-13.4 37.4-26.4 4.6-13 4.6-24.1 3.2-26.4-1.3-2.5-5-3.9-10.5-6.6z\"><\/path><\/svg>\t\t\t<\/span>\n\t\t\t\t\t\t\t\t\t<span class=\"elementor-button-text\">(+595) 982 865-800<\/span>\n\t\t\t\t\t<\/span>\n\t\t\t\t\t<\/a>\n\t\t\t\t<\/div>\n\t\t\t\t\t\t\t\t<\/div>\n\t\t\t\t<\/div>\n\t\t\t\t<\/div>\n\t\t<div class=\"elementor-element elementor-element-d4b6fa2 e-con-full e-flex e-con e-child\" data-id=\"d4b6fa2\" data-element_type=\"container\">\n\t\t\t\t<div class=\"elementor-element elementor-element-c4caf5b elementor-widget elementor-widget-image\" data-id=\"c4caf5b\" data-element_type=\"widget\" data-widget_type=\"image.default\">\n\t\t\t\t<div class=\"elementor-widget-container\">\n\t\t\t\t\t\t\t\t\t\t\t\t\t\t\t<img fetchpriority=\"high\" decoding=\"async\" width=\"225\" height=\"300\" src=\"https:\/\/vivianavancayzeele.com\/consulting\/wp-content\/uploads\/2025\/10\/GVPH7835-225x300.jpg\" class=\"attachment-medium size-medium wp-image-1291\" alt=\"\" srcset=\"https:\/\/vivianavancayzeele.com\/consulting\/wp-content\/uploads\/2025\/10\/GVPH7835-225x300.jpg 225w, https:\/\/vivianavancayzeele.com\/consulting\/wp-content\/uploads\/2025\/10\/GVPH7835-769x1024.jpg 769w, https:\/\/vivianavancayzeele.com\/consulting\/wp-content\/uploads\/2025\/10\/GVPH7835-768x1023.jpg 768w, https:\/\/vivianavancayzeele.com\/consulting\/wp-content\/uploads\/2025\/10\/GVPH7835-1153x1536.jpg 1153w, https:\/\/vivianavancayzeele.com\/consulting\/wp-content\/uploads\/2025\/10\/GVPH7835-1538x2048.jpg 1538w, https:\/\/vivianavancayzeele.com\/consulting\/wp-content\/uploads\/2025\/10\/GVPH7835-scaled.jpg 1922w\" sizes=\"(max-width: 225px) 100vw, 225px\" \/>\t\t\t\t\t\t\t\t\t\t\t\t\t\t\t<\/div>\n\t\t\t\t<\/div>\n\t\t\t\t<\/div>\n\t\t\t\t<\/div>\n\t\t\t\t\t<\/div>\n\t\t\t\t<\/div>\n\t\t\t\t<\/div>\n\t\t","protected":false},"excerpt":{"rendered":"<p>Consultor\u00eda de Estrategias Comerciales, Ventas y Liderazgo Consultora de negocios en el \u00e1rea comercial, con \u00e9nfasis en estrategias, ventas, negociaci\u00f3n y liderazgo. M\u00e1s de 17 a\u00f1os de experiencia en ventas y en gerenciamiento comercial. Coach y mentora de mujeres ejecutivas y emprendedoras en temas como empoderamiento femenino, ventas e imagen profesional. Exdirectora de carrera y [&hellip;]<\/p>\n","protected":false},"author":1,"featured_media":0,"parent":0,"menu_order":0,"comment_status":"closed","ping_status":"closed","template":"","meta":{"footnotes":""},"class_list":["post-1252","page","type-page","status-publish","hentry"],"blocksy_meta":{"has_hero_section":"disabled","styles_descriptor":{"styles":{"desktop":"","tablet":"","mobile":""},"google_fonts":[],"version":6}},"_links":{"self":[{"href":"https:\/\/vivianavancayzeele.com\/consulting\/wp-json\/wp\/v2\/pages\/1252","targetHints":{"allow":["GET"]}}],"collection":[{"href":"https:\/\/vivianavancayzeele.com\/consulting\/wp-json\/wp\/v2\/pages"}],"about":[{"href":"https:\/\/vivianavancayzeele.com\/consulting\/wp-json\/wp\/v2\/types\/page"}],"author":[{"embeddable":true,"href":"https:\/\/vivianavancayzeele.com\/consulting\/wp-json\/wp\/v2\/users\/1"}],"replies":[{"embeddable":true,"href":"https:\/\/vivianavancayzeele.com\/consulting\/wp-json\/wp\/v2\/comments?post=1252"}],"version-history":[{"count":28,"href":"https:\/\/vivianavancayzeele.com\/consulting\/wp-json\/wp\/v2\/pages\/1252\/revisions"}],"predecessor-version":[{"id":1301,"href":"https:\/\/vivianavancayzeele.com\/consulting\/wp-json\/wp\/v2\/pages\/1252\/revisions\/1301"}],"wp:attachment":[{"href":"https:\/\/vivianavancayzeele.com\/consulting\/wp-json\/wp\/v2\/media?parent=1252"}],"curies":[{"name":"wp","href":"https:\/\/api.w.org\/{rel}","templated":true}]}}